{"id":3935,"date":"2022-12-08T16:08:02","date_gmt":"2022-12-08T15:08:02","guid":{"rendered":"https:\/\/bieberbau.webgrow.hu\/?page_id=3935"},"modified":"2023-01-20T20:39:29","modified_gmt":"2023-01-20T19:39:29","slug":"jobs","status":"publish","type":"page","link":"https:\/\/www.bieberbau-berlin.de\/en\/jobs\/","title":{"rendered":"Jobs"},"content":{"rendered":"<p>[vc_row css=&#8221;.vc_custom_1670512464209{margin-top: 80px !important;}&#8221;][vc_column width=&#8221;1\/6&#8243;][\/vc_column][vc_column width=&#8221;2\/3&#8243;][vc_row]\n\t\t\t\t\t\t\t[vc_column]\n\t\t\t\t\t\t\t<h2 class=\"section-title\">Jobs<\/h2>\n\t\t\t\t\t\t\t<h2 class=\"heading font-smoothing\">Apprentice restaurant professional<\/h2>\n\t\t\t\t\t\t\t<div class=\"text\">Dream job in star restaurant! Become an apprentice (m\/f\/d) as a restaurant specialist. Motivated, open team is looking for you. Enjoy 4-day week, weekends off, holidays as well as Christmas and New Year's Eve off. Experience vacations at Christmas, winter, Easter, summer &amp; fall. Apply now! <a href=\"mailto:restaurant@bieberbau-berlin.de\">restaurant@bieberbau-berlin.de<\/a><\/div>\n\t\t\t\t\t\t\t[\/vc_column]\n\t\t\t\t\t\t\t[\/vc_row][vc_row]\n\t\t\t\t\t\t\t[vc_column]\n\t\t\t\t\t\t\t<h2 class=\"section-title\">Jobs<\/h2>\n\t\t\t\t\t\t\t<h2 class=\"heading font-smoothing\">Restaurant Manager (m\/f\/d)<\/h2>\n\t\t\t\t\t\t\t<div class=\"text\">Wir suchen eine\/n Restaurantleiter\/in (m\/w\/d) f\u00fcr unsere Sternek\u00fcche, die\/der die Balance zwischen Tradition und Raffinesse beherrscht. Sie bringen nicht nur Frische und P\u00fcnktlichkeit mit, sondern auch Leidenschaft und Interesse f\u00fcr gehobene Gastronomie. Ihre Motivation, Belastbarkeit und Flexibilit\u00e4t zeichnen Sie aus.\r\n\r\nErfahrung in der gehobenen Gastronomie ist ein Muss. In unserem motivierten und offenen Team \u00fcbernehmen Sie eine Schl\u00fcsselrolle. Genie\u00dfen Sie eine 4-Tage-Woche mit freiem Wochenende sowie freien Feiertagen wie Weihnachten und Silvester. Zus\u00e4tzlich bieten wir gro\u00dfz\u00fcgige Urlaubsregelungen f\u00fcr Weihnachts-, Winter-, Oster-, Sommer- und Herbsturlaub.\r\n\r\nSie m\u00f6chten Teil eines gastronomischen Erlebnisses sein, das Tradition und Raffinesse vereint? Dann bewerben Sie sich bei uns und gestalten Sie mit Ihrem Know-how unser kulinarisches Angebot ma\u00dfgeblich mit. Wir freuen uns auf Ihre Bewerbung!\r\n\r\n<a href=\"mailto:restaurant@bieberbau-berlin.de\">restaurant@bieberbau-berlin.de<\/a><\/div>\n\t\t\t\t\t\t\t[\/vc_column]\n\t\t\t\t\t\t\t[\/vc_row][vc_row]\n\t\t\t\t\t\t\t[vc_column]\n\t\t\t\t\t\t\t<h2 class=\"section-title\">Jobs<\/h2>\n\t\t\t\t\t\t\t<h2 class=\"heading font-smoothing\">Temporary staff in service<\/h2>\n\t\t\t\t\t\t\t<div class=\"text\">We are looking for temporary staff in the service on a mini-job basis for one day a week in the evening for 15,- \u20ac \/ h.\r\nExperience in the upscale gastronomy is desired.\r\nThen apply at the following address: <a href=\"mailto:restaurant@bieberbau-berlin.de\">restaurant@bieberbau-berlin.de<\/a><\/div>\n\t\t\t\t\t\t\t[\/vc_column]\n\t\t\t\t\t\t\t[\/vc_row][vc_row]\n\t\t\t\t\t\t\t[vc_column]\n\t\t\t\t\t\t\t<h2 class=\"section-title\">Jobs<\/h2>\n\t\t\t\t\t\t\t<h2 class=\"heading font-smoothing\">Head of  service management<\/h2>\n\t\t\t\t\t\t\t<div class=\"text\">We are looking for service management support with the same freshness as our herbal kitchen. Peppered with punctuality and interest, motivated, resilient and flexible. Ready to bridge the gap between tradition and sophistication with us?\r\n\r\nExperience in gourmet restaurants is desired.\r\n\r\nThen apply at the following address: <a href=\"mailto:restaurant@bieberbau-berlin.de\">restaurant@bieberbau-berlin.de<\/a><\/div>\n\t\t\t\t\t\t\t[\/vc_column]\n\t\t\t\t\t\t\t[\/vc_row][\/vc_column][vc_column width=&#8221;1\/6&#8243;][\/vc_column][\/vc_row]<\/p>\n","protected":false},"excerpt":{"rendered":"<p>[vc_row css=&#8221;.vc_custom_1670512464209{margin-top: 80px !important;}&#8221;][vc_column width=&#8221;1\/6&#8243;][\/vc_column][vc_column width=&#8221;2\/3&#8243;][\/vc_column][vc_column width=&#8221;1\/6&#8243;][\/vc_column][\/vc_row]<\/p>\n","protected":false},"author":3,"featured_media":0,"parent":0,"menu_order":0,"comment_status":"closed","ping_status":"closed","template":"section.php","meta":[],"acf":[],"_links":{"self":[{"href":"https:\/\/www.bieberbau-berlin.de\/en\/wp-json\/wp\/v2\/pages\/3935"}],"collection":[{"href":"https:\/\/www.bieberbau-berlin.de\/en\/wp-json\/wp\/v2\/pages"}],"about":[{"href":"https:\/\/www.bieberbau-berlin.de\/en\/wp-json\/wp\/v2\/types\/page"}],"author":[{"embeddable":true,"href":"https:\/\/www.bieberbau-berlin.de\/en\/wp-json\/wp\/v2\/users\/3"}],"replies":[{"embeddable":true,"href":"https:\/\/www.bieberbau-berlin.de\/en\/wp-json\/wp\/v2\/comments?post=3935"}],"version-history":[{"count":0,"href":"https:\/\/www.bieberbau-berlin.de\/en\/wp-json\/wp\/v2\/pages\/3935\/revisions"}],"wp:attachment":[{"href":"https:\/\/www.bieberbau-berlin.de\/en\/wp-json\/wp\/v2\/media?parent=3935"}],"curies":[{"name":"wp","href":"https:\/\/api.w.org\/{rel}","templated":true}]}}